{"id":102,"date":"2020-09-25T06:19:29","date_gmt":"2020-09-25T06:19:29","guid":{"rendered":"https:\/\/dirk-kleinke.de\/wordpress\/?page_id=102"},"modified":"2025-10-28T06:23:33","modified_gmt":"2025-10-28T06:23:33","slug":"vita-2","status":"publish","type":"page","link":"https:\/\/dirk-kleinke.de\/?page_id=102","title":{"rendered":"V I T A"},"content":{"rendered":"\n<p>Der geb\u00fcrtige Berliner Tenor Dirk Kleinke studierte zun\u00e4chst\u00a0<strong>Chordirigieren in Weimar und Berlin.<\/strong><br>Dem schloss sich ein\u00a0<strong>Gesangsstudium an der <a href=\"https:\/\/www.hfm-berlin.de\/\">Hochschule f\u00fcr Musik &#8222;Hanns Eisler&#8220;<\/a> in Berlin<\/strong>\u00a0an, welches er 1999 erfolgreich beendete.<br>Seit 2000 geh\u00f6rt er dem Ensemble des\u00a0<strong><a href=\"https:\/\/www.staatstheater-cottbus.de\/mitarbeiter\/dirk-kleinke\/\">Staatstheaters Cottbus<\/a>\u00a0als Tenor<\/strong>\u00a0an.<br>Schon w\u00e4hrend seiner Studienzeit sang Dirk Kleinke in zahlreichen Opernproduktionen.\u00a0So war er zum Beispiel als Monostatos in W. A. Mozarts &#8222;Zauberfl\u00f6te&#8220;, inszeniert von George Tabori im Berliner &#8222;Zirkus um die Zauberfl\u00f6te&#8220; zu erleben.<br>Als\u00a0<a href=\"https:\/\/kammeroper-schloss-rheinsberg.de\/\"><strong>Preistr\u00e4ger der &#8222;Kammeroper Schloss Rheinsberg&#8220;<\/strong><\/a>\u00a0\u00a0sang er im Sommer 2000 in W. A. Mozarts &#8222;Hochzeit des Figaro&#8220; die Partie des Don Basilio.<br>Zwischen 1997 und 1998 war er im besonderen der\u00a0<a href=\"https:\/\/www.neukoellneroper.de\/\"><strong>&#8222;Neuk\u00f6llner Oper Berlin&#8220;<\/strong><\/a>\u00a0durch die Mitwirkung in drei Produktionen dieses Hauses verbunden.<br>Von Herbst 2008 bis zum Sommer 2012 war Dirk Kleinke neben seinen Verpflichtungen am Cottbuser Staatstheater\u00a0<strong>Gastsolist an der\u00a0<a href=\"https:\/\/www.operabase.com\/productions\/robin-hood-48906\/de\">Komischen Oper Berlin.<\/a><\/strong><br>Daneben konnte und kann man den Berliner Tenor auch als Konzerts\u00e4nger und in Liederabenden erleben.<br>Dabei arbeitete er mit namhaften Dirigenten, Ch\u00f6ren, Orchestern, Pianisten und Gitarristen aus ganz Deutschland und den USA zusammen.<br>Inzwischen z\u00e4hlen zirka\u00a0<a href=\"https:\/\/dirk-kleinke.de\/?page_id=105\"><strong>60 Opernpartien,\u00a075 Oratorien und \u00fcber 150 Lieder<\/strong>\u00a0<\/a>zu seinem Repertoire.<br>Operngastspiele, Konzerte und Liederabende f\u00fchrten Dirk Kleinke bisher nach Italien, Frankreich, Belgien, die Schweiz sowie an viele der gro\u00dfen Theater, Kirchen und Konzerts\u00e4le Deutschlands.<br>So konzertierte er\u00a0unter anderem in der Berliner Philharmonie, dem Konzerthaus Berlin mit dem <a href=\"https:\/\/de.m.wikipedia.org\/wiki\/Konzerthausorchester_Berlin\"><strong>Konzerthausorchester<\/strong><\/a>, der Leipziger Thomaskirche, wo er mit dem <strong><a href=\"https:\/\/www.thomanerchor.de\/\">Thomanerchor<\/a><\/strong> Leipzig und dem <strong><a href=\"https:\/\/www.gewandhausorchester.de\/\">Gewandhausorchester<\/a><\/strong> Leipzig zusammenarbeiten konnte, der Dresdener Frauenkirche und Kreuzkirche, dem Dom zu Speyer, der Georgenkirche Eisenach, beim Choriner Musiksommer, dem Magdeburger Dom und dem Berliner Dom.<br><a href=\"https:\/\/www.amazon.de\/Dichterliebeop-48-Kerner-Lieder-Karola-Klav-Kleinke\/dp\/B0007P35TQ\"><strong>Im Januar 2003 erschien die erste CD des Tenors mit Liedern von Robert Schumann<\/strong>.<\/a><br>Seit dem Wintersemester 2006\/07 ist Dirk Kleinke neben seinen Verpflichtungen als Opern- und Konzerts\u00e4nger\u00a0<strong>Gesangsdozent<\/strong>\u00a0 an der\u00a0<strong>Universit\u00e4t Potsdam.<\/strong><br>Seit Herbst 2017 ist er in gleicher Funktion an der <strong><a href=\"https:\/\/www.b-tu.de\/fg-gesangsdidaktik\/team\/kleinke-dirk\">Brandenburgisch Technischen Universit\u00e4t Cottbus-Senftenberg\u00a0BTU<\/a><\/strong>\u00a0t\u00e4tig.<\/p>\n\n\n\n<p><\/p>\n\n\n\n<p><\/p>\n\n\n\n<p><\/p>\n\n\n\n<p><a href=\"https:\/\/www.der-theaterverlag.de\/theatermagazin\/dtm\/theatermagazin-062019\/ensembletheater-und-oper\/\" data-type=\"URL\" data-id=\"https:\/\/www.der-theaterverlag.de\/theatermagazin\/dtm\/theatermagazin-062019\/ensembletheater-und-oper\/\">Interview Opernwelt<\/a><\/p>\n\n\n\n<p><a href=\"https:\/\/youtu.be\/e-e7sD1qwXQ\">Interview &#8222;Ausgepackt&#8220; des Staatstheaters Cottbus<\/a><\/p>\n\n\n\n<p><\/p>\n\n\n\n<p><\/p>\n\n\n\n<p><\/p>\n\n\n\n<p><\/p>\n\n\n\n<p><\/p>\n\n\n\n<p><\/p>\n\n\n\n<p><\/p>\n\n\n\n<p><\/p>\n\n\n\n<p><\/p>\n\n\n\n<p class=\"has-large-font-size\"><mark style=\"background-color:rgba(0, 0, 0, 0)\" class=\"has-inline-color has-luminous-vivid-orange-color\">K U R Z V I T A<\/mark><\/p>\n\n\n\n<p>Der geb\u00fcrtige Berliner Tenor studierte zun\u00e4chst Chordirigieren in Weimar und Berlin.  Dem schloss sich ein Gesangsstudium an der Hochschule f\u00fcr Musik &#8222;Hanns Eisler&#8220; in Berlin an, welches er 1999 erfolgreich beendete. Seit 2000 geh\u00f6rt er dem Solistenensemble des Staatstheaters Cottbus als Tenor an. Er ist Preistr\u00e4ger der &#8222;Kammeroper Schloss Rheinsberg&#8220;. Daneben konnte und kann man den Berliner Tenor auch als Konzerts\u00e4nger und in Liederabenden. Inzwischen z\u00e4hlen zirka 60 Opernpartien, 75 Oratorien und \u00fcber 150 Lieder zu seinem Repertoire.&nbsp;Des weiteren unterrichtet der Tenor im Lehrauftrag Gesang, seit 2006 an der Universit\u00e4t Potsdam und seit 2017 an der BTU Cottbus-Senftenberg. Von Herbst 2008 bis zum Sommer 2012 war Dirk Kleinke Gastsolist an der Komischen Oper Berlin.&nbsp;<\/p>\n","protected":false},"excerpt":{"rendered":"<p>Der geb\u00fcrtige Berliner Tenor Dirk Kleinke studierte zun\u00e4chst\u00a0Chordirigieren in Weimar und Berlin.Dem schloss sich ein\u00a0Gesangsstudium an der Hochschule f\u00fcr Musik &#8222;Hanns Eisler&#8220; in Berlin\u00a0an, welches er 1999 erfolgreich beendete.Seit 2000 geh\u00f6rt er dem Ensemble des\u00a0Staatstheaters Cottbus\u00a0als Tenor\u00a0an.Schon w\u00e4hrend seiner Studienzeit sang Dirk Kleinke in zahlreichen Opernproduktionen.\u00a0So war er zum Beispiel als Monostatos in W. A. [&hellip;]<\/p>\n","protected":false},"author":1,"featured_media":0,"parent":0,"menu_order":0,"comment_status":"closed","ping_status":"closed","template":"","meta":{"footnotes":""},"class_list":["post-102","page","type-page","status-publish","hentry","entry"],"_links":{"self":[{"href":"https:\/\/dirk-kleinke.de\/index.php?rest_route=\/wp\/v2\/pages\/102","targetHints":{"allow":["GET"]}}],"collection":[{"href":"https:\/\/dirk-kleinke.de\/index.php?rest_route=\/wp\/v2\/pages"}],"about":[{"href":"https:\/\/dirk-kleinke.de\/index.php?rest_route=\/wp\/v2\/types\/page"}],"author":[{"embeddable":true,"href":"https:\/\/dirk-kleinke.de\/index.php?rest_route=\/wp\/v2\/users\/1"}],"replies":[{"embeddable":true,"href":"https:\/\/dirk-kleinke.de\/index.php?rest_route=%2Fwp%2Fv2%2Fcomments&post=102"}],"version-history":[{"count":56,"href":"https:\/\/dirk-kleinke.de\/index.php?rest_route=\/wp\/v2\/pages\/102\/revisions"}],"predecessor-version":[{"id":975,"href":"https:\/\/dirk-kleinke.de\/index.php?rest_route=\/wp\/v2\/pages\/102\/revisions\/975"}],"wp:attachment":[{"href":"https:\/\/dirk-kleinke.de\/index.php?rest_route=%2Fwp%2Fv2%2Fmedia&parent=102"}],"curies":[{"name":"wp","href":"https:\/\/api.w.org\/{rel}","templated":true}]}}