{"id":117,"date":"2020-09-25T06:36:35","date_gmt":"2020-09-25T06:36:35","guid":{"rendered":"https:\/\/dirk-kleinke.de\/wordpress\/?page_id=117"},"modified":"2025-07-12T22:43:32","modified_gmt":"2025-07-12T22:43:32","slug":"a-u-d-i-o","status":"publish","type":"page","link":"https:\/\/dirk-kleinke.de\/?page_id=117","title":{"rendered":"A U D I O"},"content":{"rendered":"\n<div class=\"wp-block-group alignfull\"><div class=\"wp-block-group__inner-container is-layout-flow wp-block-group-is-layout-flow\">\n<p><\/p>\n<\/div><\/div>\n\n\n\n<p class=\"has-medium-font-size\"><a rel=\"noreferrer noopener\" href=\"https:\/\/youtu.be\/j9vtaMksuzc\" target=\"_blank\">Arie &#8222;Erw\u00e4ge&#8220;aus J. S. Bachs &#8222;Johannespassion&#8220;<\/a><\/p>\n\n\n\n<p><\/p>\n\n\n\n<p class=\"has-medium-font-size\"><a rel=\"noreferrer noopener\" href=\"https:\/\/youtu.be\/6cbsDoKNcWs\" target=\"_blank\">Arie &#8222;Welch \u00dcberma\u00df der G\u00fcte&#8220; aus J. S. Bachs Kantate BWV 17<\/a><\/p>\n\n\n\n<p><\/p>\n\n\n\n<p class=\"has-medium-font-size\"><a rel=\"noreferrer noopener\" href=\"https:\/\/youtu.be\/MqNOK0J8uc8\" target=\"_blank\">&#8222;Dalla sua pace&#8220; aus W. A. Mozarts &#8222;Don Giovanni&#8220;<\/a><\/p>\n\n\n\n<p><\/p>\n\n\n\n<p class=\"has-medium-font-size\"><a rel=\"noreferrer noopener\" href=\"https:\/\/youtu.be\/wOWnCxTXbNw\" target=\"_blank\">&#8222;Langsam Wozzeck, langsam&#8220; aus A. Bergs &#8222;Wozzeck&#8220;<\/a><\/p>\n\n\n\n<p><\/p>\n\n\n\n<p class=\"has-medium-font-size\"><a href=\"https:\/\/youtu.be\/Hs6WoupHGSk?feature=shared\">Arie des Schwan aus &#8222;Carmina  burana&#8220; von C. Orff, Livemittschnitt aus dem Sendesaal des RBB<\/a><\/p>\n\n\n\n<p><\/p>\n\n\n\n<p class=\"has-medium-font-size\"><a rel=\"noreferrer noopener\" href=\"https:\/\/youtu.be\/kwF1PwMYpBo\" target=\"_blank\">&#8222;Fremd bin ich eingezogen&#8220; aus F. Schuberts &#8220; Winterreise&#8220;<\/a> <\/p>\n\n\n\n<p><\/p>\n\n\n\n<p class=\"has-medium-font-size\"><a href=\"https:\/\/youtu.be\/1rLeG_J-65E\">&#8222;Ohne Liebe lebe wer da kann&#8220; op.52 Nr.6 von Ludwig van Beethoven <\/a><\/p>\n\n\n\n<p><\/p>\n\n\n\n<p class=\"has-medium-font-size\"><a href=\"https:\/\/youtu.be\/KpDwfq3Zlyo\">Ausschnitt aus &#8222;Der Rose Pilgerfahrt&#8220; von R. Schumann<\/a><\/p>\n\n\n\n<p><\/p>\n\n\n\n<p class=\"has-medium-font-size\"><a href=\"https:\/\/youtu.be\/zcfj960iHPk\">&#8220; Frohe Hirten, eilet&#8220; aus J. S. Bachs &#8222;Weihnachtsoratorium&#8220;<\/a><\/p>\n\n\n\n<p><\/p>\n\n\n\n<p class=\"has-medium-font-size\"><a href=\"https:\/\/youtu.be\/Pff0nnJh5KY?feature=shared\">&#8222;Music for a while&#8220;von H.Purcell<\/a><\/p>\n\n\n\n<p><\/p>\n\n\n\n<p><\/p>\n\n\n\n<p><\/p>\n\n\n\n<p><\/p>\n\n\n\n<figure class=\"wp-block-embed is-type-video is-provider-youtube wp-block-embed-youtube aligncenter wp-embed-aspect-16-9 wp-has-aspect-ratio\"><div class=\"wp-block-embed__wrapper\">\n<p class=\"responsive-video-wrap clr\"><iframe loading=\"lazy\" title=\"MontagsLauschen #6 - Staatstheater Cottbus\" width=\"1200\" height=\"675\" src=\"https:\/\/www.youtube.com\/embed\/c3zfyCTQEvA?feature=oembed\" frameborder=\"0\" allow=\"accelerometer; autoplay; clipboard-write; encrypted-media; gyroscope; picture-in-picture; web-share\" referrerpolicy=\"strict-origin-when-cross-origin\" allowfullscreen><\/iframe><\/p>\n<\/div><figcaption class=\"wp-element-caption\">L. van Beethoven  &#8222;Ich liebe dich&#8220;<\/figcaption><\/figure>\n","protected":false},"excerpt":{"rendered":"<p>Arie &#8222;Erw\u00e4ge&#8220;aus J. S. Bachs &#8222;Johannespassion&#8220; Arie &#8222;Welch \u00dcberma\u00df der G\u00fcte&#8220; aus J. S. Bachs Kantate BWV 17 &#8222;Dalla sua pace&#8220; aus W. A. Mozarts &#8222;Don Giovanni&#8220; &#8222;Langsam Wozzeck, langsam&#8220; aus A. Bergs &#8222;Wozzeck&#8220; Arie des Schwan aus &#8222;Carmina burana&#8220; von C. Orff, Livemittschnitt aus dem Sendesaal des RBB &#8222;Fremd bin ich eingezogen&#8220; aus F. [&hellip;]<\/p>\n","protected":false},"author":1,"featured_media":0,"parent":0,"menu_order":0,"comment_status":"closed","ping_status":"closed","template":"","meta":{"footnotes":""},"class_list":["post-117","page","type-page","status-publish","hentry","entry"],"_links":{"self":[{"href":"https:\/\/dirk-kleinke.de\/index.php?rest_route=\/wp\/v2\/pages\/117","targetHints":{"allow":["GET"]}}],"collection":[{"href":"https:\/\/dirk-kleinke.de\/index.php?rest_route=\/wp\/v2\/pages"}],"about":[{"href":"https:\/\/dirk-kleinke.de\/index.php?rest_route=\/wp\/v2\/types\/page"}],"author":[{"embeddable":true,"href":"https:\/\/dirk-kleinke.de\/index.php?rest_route=\/wp\/v2\/users\/1"}],"replies":[{"embeddable":true,"href":"https:\/\/dirk-kleinke.de\/index.php?rest_route=%2Fwp%2Fv2%2Fcomments&post=117"}],"version-history":[{"count":37,"href":"https:\/\/dirk-kleinke.de\/index.php?rest_route=\/wp\/v2\/pages\/117\/revisions"}],"predecessor-version":[{"id":935,"href":"https:\/\/dirk-kleinke.de\/index.php?rest_route=\/wp\/v2\/pages\/117\/revisions\/935"}],"wp:attachment":[{"href":"https:\/\/dirk-kleinke.de\/index.php?rest_route=%2Fwp%2Fv2%2Fmedia&parent=117"}],"curies":[{"name":"wp","href":"https:\/\/api.w.org\/{rel}","templated":true}]}}