{"id":43,"date":"2020-09-23T16:02:12","date_gmt":"2020-09-23T16:02:12","guid":{"rendered":"https:\/\/dirk-kleinke.de\/wordpress\/?page_id=43"},"modified":"2026-03-11T15:40:41","modified_gmt":"2026-03-11T15:40:41","slug":"termine","status":"publish","type":"page","link":"https:\/\/dirk-kleinke.de\/?page_id=43","title":{"rendered":"T E R M I N E"},"content":{"rendered":"\n<p class=\"has-luminous-vivid-orange-color has-text-color has-medium-font-size\">Meine Partien der Spielzeit 2025\/26 am&nbsp;<\/p>\n\n\n\n<div class=\"wp-block-buttons alignfull is-layout-flex wp-block-buttons-is-layout-flex\">\n<div class=\"wp-block-button\"><a class=\"wp-block-button__link has-luminous-vivid-orange-color has-white-background-color has-text-color has-background wp-element-button\" href=\"https:\/\/www.staatstheater-cottbus.de\/mitarbeiter\/dirk-kleinke\/\" style=\"border-radius:20px\">Staatstheater Cottbus<\/a><\/div>\n<\/div>\n\n\n\n<p><\/p>\n\n\n\n<p><strong>Der \u00e4ltere Sohn von H\u00e4berlein<\/strong> in A. Zemlinskys Oper  &#8222;Kleider machen Leute&#8220;<\/p>\n\n\n\n<p><strong>Goro<\/strong> in G. Puccinis Oper &#8222;Madame Butterfly&#8220;<\/p>\n\n\n\n<p><strong>Der Schulmeister<\/strong> in L. Jan\u00e1\u010deks Oper &#8222;Das schlaue F\u00fcchslein&#8220;<\/p>\n\n\n\n<p><strong>Hausmeister Priemchen<\/strong> in  G. Natschinskis Operette &#8222;Messeschlager Gisela&#8220;<\/p>\n\n\n\n<p><strong>Tenor<\/strong> in H. Oehrings Oper &#8222;Aschemond oder The Fairy Queen&#8220;<\/p>\n\n\n\n<p><strong>Gott<\/strong> in W. B\u00f6hmers Musical &#8222;Jedermann&#8220;<\/p>\n\n\n\n<p><\/p>\n\n\n\n<p class=\"has-luminous-vivid-orange-color has-text-color has-medium-font-size\">Konzerte<\/p>\n\n\n\n<p><\/p>\n\n\n\n<p>am 24.10. und 26.10. um 19 Uhr im Schlo\u00df Branitz von R. Schumann &#8222;Der Rose Pilgerfahrt&#8220;<\/p>\n\n\n\n<p><\/p>\n\n\n\n<p>am 04.11. um 20 Uhr im Konzerthaus Berlin mit dem Berliner Konzertchor von C. Orff &#8222;Carmina burana&#8220;<\/p>\n\n\n\n<p><\/p>\n\n\n\n<p>am 09.11. um 19 Uhr im gro\u00dfen Haus des Staatstheaters Cottbus mit der Singakademie Cottbus von J. S. Bach &#8222;Messe in h-Moll&#8220;<\/p>\n\n\n\n<p><\/p>\n\n\n\n<p>am 06.12. in der Erl\u00f6serkirche Potsdam von J. S. Bach &#8222;Weihnachtsoratorium&#8220; szenische Fassung mit und f\u00fcr Kinder<\/p>\n\n\n\n<p><\/p>\n\n\n\n<p>am 07.12. im Nikolaisaal Potsdam mit der Singakademie Potsdam von H. von Herzogenberg &#8222;Die Geburt Christi&#8220;<\/p>\n\n\n\n<p><\/p>\n\n\n\n<p>am 24.12.um 17 Uhr in der Kapelle der Vers\u00f6hnung Berlin  Festgottesdienst mit Ausschnitten aus G. F. H\u00e4ndels &#8222;Messiah&#8220;<\/p>\n\n\n\n<p><\/p>\n\n\n\n<p>am 03.04. in der Lutherkirche Cottbus von G. F. H\u00e4ndel &#8222;Solomon&#8220;<\/p>\n\n\n\n<p><\/p>\n\n\n\n<p>am 24. und am 25.05. open Air im Branitzer Park von C. Orff &#8222;Carmina burana&#8220;<\/p>\n\n\n\n<p><\/p>\n\n\n\n<p><\/p>\n\n\n\n<p><\/p>\n\n\n\n<p><\/p>\n\n\n\n<p><\/p>\n\n\n\n<p><\/p>\n\n\n\n<p><\/p>\n\n\n\n<p><\/p>\n\n\n\n<p><\/p>\n\n\n\n<p><\/p>\n\n\n\n<p><\/p>\n\n\n\n<p><\/p>\n\n\n\n<p><\/p>\n\n\n\n<p><\/p>\n\n\n\n<p><\/p>\n\n\n\n<p><\/p>\n\n\n\n<p><\/p>\n\n\n\n<p><\/p>\n\n\n\n<p class=\"has-luminous-vivid-orange-color has-text-color has-medium-font-size\">weitere Termine finden Sie hier unter<\/p>\n\n\n\n<div class=\"wp-block-buttons is-layout-flex wp-block-buttons-is-layout-flex\">\n<div class=\"wp-block-button\"><a class=\"wp-block-button__link has-luminous-vivid-orange-color has-white-background-color has-text-color has-background wp-element-button\" href=\"https:\/\/www.operabase.com\/artists\/dirk-kleinke-4273\/de\">Operabase <\/a><\/div>\n<\/div>\n\n\n\n<p><\/p>\n","protected":false},"excerpt":{"rendered":"<p>Meine Partien der Spielzeit 2025\/26 am&nbsp; Der \u00e4ltere Sohn von H\u00e4berlein in A. Zemlinskys Oper &#8222;Kleider machen Leute&#8220; Goro in G. Puccinis Oper &#8222;Madame Butterfly&#8220; Der Schulmeister in L. Jan\u00e1\u010deks Oper &#8222;Das schlaue F\u00fcchslein&#8220; Hausmeister Priemchen in G. Natschinskis Operette &#8222;Messeschlager Gisela&#8220; Tenor in H. Oehrings Oper &#8222;Aschemond oder The Fairy Queen&#8220; Gott in W. [&hellip;]<\/p>\n","protected":false},"author":1,"featured_media":0,"parent":0,"menu_order":0,"comment_status":"closed","ping_status":"closed","template":"","meta":{"footnotes":""},"class_list":["post-43","page","type-page","status-publish","hentry","entry"],"_links":{"self":[{"href":"https:\/\/dirk-kleinke.de\/index.php?rest_route=\/wp\/v2\/pages\/43","targetHints":{"allow":["GET"]}}],"collection":[{"href":"https:\/\/dirk-kleinke.de\/index.php?rest_route=\/wp\/v2\/pages"}],"about":[{"href":"https:\/\/dirk-kleinke.de\/index.php?rest_route=\/wp\/v2\/types\/page"}],"author":[{"embeddable":true,"href":"https:\/\/dirk-kleinke.de\/index.php?rest_route=\/wp\/v2\/users\/1"}],"replies":[{"embeddable":true,"href":"https:\/\/dirk-kleinke.de\/index.php?rest_route=%2Fwp%2Fv2%2Fcomments&post=43"}],"version-history":[{"count":131,"href":"https:\/\/dirk-kleinke.de\/index.php?rest_route=\/wp\/v2\/pages\/43\/revisions"}],"predecessor-version":[{"id":1016,"href":"https:\/\/dirk-kleinke.de\/index.php?rest_route=\/wp\/v2\/pages\/43\/revisions\/1016"}],"wp:attachment":[{"href":"https:\/\/dirk-kleinke.de\/index.php?rest_route=%2Fwp%2Fv2%2Fmedia&parent=43"}],"curies":[{"name":"wp","href":"https:\/\/api.w.org\/{rel}","templated":true}]}}